{"id":6764,"date":"2026-01-29T10:06:31","date_gmt":"2026-01-29T09:06:31","guid":{"rendered":"https:\/\/meblovera.pl\/index.php\/product\/toaletka-kosmetyczna-z-lustrem-do-makijazu-zestaw-marina-4p-kuba-biurko-kaszmir\/"},"modified":"2026-01-29T10:06:31","modified_gmt":"2026-01-29T09:06:31","slug":"toaletka-kosmetyczna-z-lustrem-do-makijazu-zestaw-marina-4p-kuba-biurko-kaszmir","status":"publish","type":"product","link":"https:\/\/meblovera.pl\/index.php\/product\/toaletka-kosmetyczna-z-lustrem-do-makijazu-zestaw-marina-4p-kuba-biurko-kaszmir\/","title":{"rendered":"Toaletka Kosmetyczna Z Lustrem Do Makija\u017cu Zestaw MARINA 4P + KUBA Biurko KASZMIR"},"content":{"rendered":"<p><strong>ELEGANCKA TOALETKA Z LUSTREM I 4 P&Oacute;\u0141KAMI<\/strong><\/p>\n<p>\t<strong>SERIA: MARINA<\/strong><\/p>\n<p>\t<strong>MODEL: KUBA + LUSTRO MARINA 4P<\/strong><\/p>\n<p>\t<strong>KOLOR: KASZMIR<\/strong><\/p>\n<p>\t<strong>Ekskluzywny i elegancki odcie\u0144 be\u017cu<\/strong><\/p>\n<p>\tPrzedstawiamy nasz\u0105 najnowsz\u0105 per\u0142\u0119 w koronie &#8211; toaletk\u0119, kt&oacute;ra \u0142\u0105czy w sobie elegancj\u0119, funkcjonalno\u015b\u0107 i nowoczesny design.<\/p>\n<p>\tToaletka z lustrem i 4 p&oacute;\u0142kami to idealny mebel dla os&oacute;b, kt&oacute;re ceni\u0105 sobie komfort oraz pi\u0119kno swojego otoczenia. Przemy\u015blana konstrukcja pozwala na wygodne przechowywanie kosmetyk&oacute;w i bi\u017cuterii, a tak\u017ce mo\u017ce funkcjonowa\u0107 jako praktyczne biurko.<\/p>\n<p>\t<strong>G\u0141&Oacute;WNE CECHY MEBLA:<\/strong><\/p>\n<ul>\n<li>\n\t\tToaletka s\u0142u\u017cy zar&oacute;wno jako miejsce do przygotowania makija\u017cu i innych zabieg&oacute;w piel\u0119gnacyjnych, jak i funkcjonalne biurko.<\/li>\n<li>\n\t\t6 pojemnych szuflad (po 3 szuflady z ka\u017cdej strony biurka)<\/li>\n<li>\n\t\tLustro wyposa\u017cone w 4 p&oacute;\u0142ki, kt&oacute;re zapewnia idealne warunki do makija\u017cu i piel\u0119gnacji twarzy.<\/li>\n<li>\n\t\tDodatkowa wysuwana p&oacute;\u0142ka pod blatem biurka<\/li>\n<li>\n\t\tBezuchwytowe fronty szuflad zapewniaj\u0105 wygodne u\u017cytkowanie i podkre\u015bl\u0105 modernistyczny charakter wn\u0119trza.<\/li>\n<li>\n\t\tPolski producent<\/li>\n<\/ul>\n<p><strong>MATERIA\u0141:<\/strong><\/p>\n<ul>\n<li>\n\t\tP\u0142yta wi&oacute;rowa laminowana o grubo\u015bci 16 mm.<\/li>\n<li>\n\t\tSzuflady &ndash; na prowadnicach rolkowych to gwarancja wygodnego, a przede wszystkim bezpiecznego u\u017cytkowania.<\/li>\n<\/ul>\n<p>\t<strong>WYMIARY BIURKA KUBA:<\/strong><\/p>\n<ul>\n<li>\n\t\tG\u0142\u0119boko\u015b\u0107: 51 cm<\/li>\n<li>\n\t\tSzeroko\u015b\u0107: 130 cm<\/li>\n<li>\n\t\tWysoko\u015b\u0107: 76 cm<\/li>\n<\/ul>\n<p>\t<strong>WYMIARY LUSTRA MARINA 4P:<\/strong><\/p>\n<ul>\n<li>\n\t\tSzeroko\u015b\u0107: 80 cm<\/li>\n<li>\n\t\tWysoko\u015b\u0107: 70 cm<\/li>\n<li>\n\t\tG\u0142\u0119boko\u015b\u0107 jednej p&oacute;\u0142ki: 12 cm<\/li>\n<li>\n\t\tSzeroko\u015b\u0107 jednej p&oacute;\u0142ki: ok. 19,2 cm<\/li>\n<\/ul>\n<p>\t<strong>U\u017cytkowanie:<\/strong><\/p>\n<p>\tPowierzchni\u0119 mebla czy\u015bci\u0107 przy pomocy mi\u0119kkiej szmatki. Unika\u0107 stosowania silnie dzia\u0142aj\u0105cych \u015brodk&oacute;w chemicznych.<\/p>\n<p>\t<strong>W opakowaniu:<\/strong><\/p>\n<p>\tInstrukcja monta\u017cu wraz ze wszystkimi potrzebnymi akcesoriami monta\u017cowymi.<\/p>\n<p>\tMeble s\u0105 fabrycznie zapakowane do samodzielnego monta\u017cu.<\/p>\n<p>\t<strong>Informacja:<\/strong> Dok\u0142adamy wszelkich stara\u0144, aby kolory mebli prezentowane na zdj\u0119ciach by\u0142y odwzorowane mo\u017cliwie jak najdok\u0142adniej. Nale\u017cy jednak pami\u0119ta\u0107, \u017ce ich odbi&oacute;r mo\u017ce si\u0119 r&oacute;\u017cni\u0107 w zale\u017cno\u015bci od indywidualnych ustawie\u0144 monitora lub ekranu (takich jak jasno\u015b\u0107, kontrast, temperatura barwowa czy technologia wy\u015bwietlania). Rzeczywisty odcie\u0144 produktu mo\u017ce si\u0119 tak\u017ce r&oacute;\u017cni\u0107 w zale\u017cno\u015bci od warunk&oacute;w o\u015bwietleniowych. Ewentualne r&oacute;\u017cnice kolorystyczne nie wynikaj\u0105 z wady produktu.<\/p>\n","protected":false},"excerpt":{"rendered":"<p><strong>MATERIA\u0141:<\/strong><\/p>\n<ul>\n<li>\n\t\tP\u0142yta wi&oacute;rowa laminowana o grubo\u015bci 16 mm.<\/li>\n<li>\n\t\tSzuflady &ndash; na prowadnicach rolkowych to gwarancja wygodnego, a przede wszystkim bezpiecznego u\u017cytkowania.<\/li>\n<\/ul>\n<p>\t<strong>WYMIARY BIURKA KUBA:<\/strong><\/p>\n<ul>\n<li>\n\t\tG\u0142\u0119boko\u015b\u0107: 51 cm<\/li>\n<li>\n\t\tSzeroko\u015b\u0107: 130 cm<\/li>\n<li>\n\t\tWysoko\u015b\u0107: 76 cm<\/li>\n<\/ul>\n<p>\t<strong>WYMIARY LUSTRA MARINA 4P:<\/strong><\/p>\n<ul>\n<li>\n\t\tSzeroko\u015b\u0107: 80 cm<\/li>\n<li>\n\t\tWysoko\u015b\u0107: 70 cm<\/li>\n<li>\n\t\tG\u0142\u0119boko\u015b\u0107 jednej p&oacute;\u0142ki: 12 cm<\/li>\n<li>\n\t\tSzeroko\u015b\u0107 jednej p&oacute;\u0142ki: ok. 19,2 cm<\/li>\n<\/ul>\n<p>\t<strong>U\u017cytkowanie:<\/strong><\/p>\n<p>\tPowierzchni\u0119 mebla czy\u015bci\u0107 przy pomocy mi\u0119kkiej szmatki. Unika\u0107 stosowania silnie dzia\u0142aj\u0105cych \u015brodk&oacute;w chemicznych.<\/p>\n<p>\t<strong>W opakowaniu:<\/strong><\/p>\n<p>\tInstrukcja monta\u017cu wraz ze wszystkimi potrzebnymi akcesoriami monta\u017cowymi.<\/p>\n<p>\tMeble s\u0105 fabrycznie zapakowane do samodzielnego monta\u017cu.<\/p>\n<p>\t<strong>Informacja:<\/strong> Dok\u0142adamy wszelkich stara\u0144, aby kolory mebli prezentowane na zdj\u0119ciach by\u0142y odwzorowane mo\u017cliwie jak najdok\u0142adniej. Nale\u017cy jednak pami\u0119ta\u0107, \u017ce ich odbi&oacute;r mo\u017ce si\u0119 r&oacute;\u017cni\u0107 w zale\u017cno\u015bci od indywidualnych ustawie\u0144 monitora lub ekranu (takich jak jasno\u015b\u0107, kontrast, temperatura barwowa czy technologia wy\u015bwietlania). Rzeczywisty odcie\u0144 produktu mo\u017ce si\u0119 tak\u017ce r&oacute;\u017cni\u0107 w zale\u017cno\u015bci od warunk&oacute;w o\u015bwietleniowych. Ewentualne r&oacute;\u017cnice kolorystyczne nie wynikaj\u0105 z wady produktu.<\/p>\n","protected":false},"featured_media":6765,"template":"","meta":[],"product_brand":[],"product_cat":[53],"product_tag":[],"class_list":{"0":"post-6764","1":"product","2":"type-product","3":"status-publish","4":"has-post-thumbnail","6":"product_cat-toaletki","8":"first","9":"instock","10":"taxable","11":"shipping-taxable","12":"purchasable","13":"product-type-simple"},"_links":{"self":[{"href":"https:\/\/meblovera.pl\/index.php\/wp-json\/wp\/v2\/product\/6764","targetHints":{"allow":["GET"]}}],"collection":[{"href":"https:\/\/meblovera.pl\/index.php\/wp-json\/wp\/v2\/product"}],"about":[{"href":"https:\/\/meblovera.pl\/index.php\/wp-json\/wp\/v2\/types\/product"}],"wp:featuredmedia":[{"embeddable":true,"href":"https:\/\/meblovera.pl\/index.php\/wp-json\/wp\/v2\/media\/6765"}],"wp:attachment":[{"href":"https:\/\/meblovera.pl\/index.php\/wp-json\/wp\/v2\/media?parent=6764"}],"wp:term":[{"taxonomy":"product_brand","embeddable":true,"href":"https:\/\/meblovera.pl\/index.php\/wp-json\/wp\/v2\/product_brand?post=6764"},{"taxonomy":"product_cat","embeddable":true,"href":"https:\/\/meblovera.pl\/index.php\/wp-json\/wp\/v2\/product_cat?post=6764"},{"taxonomy":"product_tag","embeddable":true,"href":"https:\/\/meblovera.pl\/index.php\/wp-json\/wp\/v2\/product_tag?post=6764"}],"curies":[{"name":"wp","href":"https:\/\/api.w.org\/{rel}","templated":true}]}}