{"id":5972,"date":"2026-01-29T10:03:08","date_gmt":"2026-01-29T09:03:08","guid":{"rendered":"https:\/\/meblovera.pl\/index.php\/product\/rtv-kama-160-slim-artisan-czarny\/"},"modified":"2026-01-29T10:03:08","modified_gmt":"2026-01-29T09:03:08","slug":"rtv-kama-160-slim-artisan-czarny","status":"publish","type":"product","link":"https:\/\/meblovera.pl\/index.php\/product\/rtv-kama-160-slim-artisan-czarny\/","title":{"rendered":"RTV KAMA 160\/SLIM ARTISAN CZARNY"},"content":{"rendered":"<p><strong>NOWOCZESNY STOLIK\/SZAFKA RTV<\/strong><\/p>\n<p>\t<strong>SERIA: RTV KAMA<\/strong><\/p>\n<p>\t<strong>WERSJA: 160 CM SLIM<\/strong><\/p>\n<p>\t<strong>KOLOR:<\/strong><\/p>\n<p>\t<strong>Korpus: D\u0104B ARTISAN<\/strong><\/p>\n<p>\t<strong>Front: CZARNY<\/strong><\/p>\n<p>\t<strong>Nogi: CZARNY<\/strong><\/p>\n<p>\tNowoczesny mix modnych kolor&oacute;w<\/p>\n<ul>\n<li>\n\t\tRyflowane pionowo fronty drzwi imituj\u0105ce lamele<\/li>\n<li>\n\t\tPojemna szuflada zapewni Ci dodatkowe miejsce do przechowywania<\/li>\n<li>\n\t\tMinimalistyczna konstrukcja<\/li>\n<li>\n\t\tBezuchwytowe fronty zapewniaj\u0105 wygodne u\u017cytkowanie i podkre\u015bl\u0105 modernistyczny charakter wn\u0119trza<\/li>\n<li>\n\t\tDwie poboczne szafki, bez p&oacute;\u0142ek w \u015brodku, to wygodne przechowywanie przer&oacute;\u017cnych sprz\u0119t&oacute;w czy drobiazg&oacute;w<\/li>\n<li>\n\t\tOtwarta p&oacute;\u0142ka pozwala na wygodne ustawienie sprz\u0119tu RTV, a umieszczony w jej plecach otw&oacute;r, u\u0142atwia dyskretny monta\u017c okablowania<\/li>\n<li>\n\t\tPraktyczny blat, to idealne miejsce na telewizor i dekoracje<\/li>\n<li>\n\t\tPolski producent<\/li>\n<li>\n\t\tNowoczesny stolik RTV to praktyczny i elegancki mebel, kt&oacute;ry jest doskona\u0142\u0105 propozycj\u0105 dla os&oacute;b szukaj\u0105cych funkcjonalnych mebli do nowoczesnego wn\u0119trza.<\/li>\n<\/ul>\n<p>\tBezapelacyjny hit i nowo\u015b\u0107 &#8211; ryflowane fronty drzwi, kt&oacute;re u\u0142o\u017cone s\u0105 pionowo w spos&oacute;b imituj\u0105cy lamele. Elegancja, sznyt i wyj\u0105tkowy szyk!<\/p>\n<p>\tDu\u017cym atutem s\u0105 okr\u0105g\u0142e metalowe nogi o wysoko\u015bci 13 cm, kt&oacute;re nadaj\u0105 wizualnej lekko\u015bci ca\u0142ej konstrukcji i sprawiaj\u0105, \u017ce szafka RTV jest stabilna.<\/p>\n<p>\tMo\u017ce pos\u0142u\u017cy\u0107 jako stolik pod telewizor, miejsce do przechowywania sprz\u0119tu audio video, a tak\u017ce jako dodatkowy schowek w salonie na drobne przedmioty u\u017cytku codziennego.<\/p>\n<p>\tProsta konstrukcja gwarantuje \u0142atwo\u015b\u0107 monta\u017cu oraz niezawodno\u015b\u0107 w u\u017cytkowaniu.<\/p>\n<p><strong>MATERIA\u0141:<\/strong><\/p>\n<p>\tKorpus &#8211; p\u0142yta wi&oacute;rowa laminowana 16 mm.<\/p>\n<p>\tFront &#8211; P\u0142yta MDF o grubo\u015bci 18 mm, melaminowana, frezowana, oklejona foli\u0105<\/p>\n<p>\tZawiasy &ndash; metalowe\/stalowe, z mo\u017cliwo\u015bci\u0105 dok\u0142adnej regulacji<\/p>\n<p>\t<strong>WYMIARY:<\/strong><\/p>\n<p>\tG\u0142\u0119boko\u015b\u0107: 40 cm<\/p>\n<p>\tSzeroko\u015b\u0107: 160 cm<\/p>\n<p>\tWysoko\u015b\u0107: 43 cm<\/p>\n<p>\t\t<strong>U\u017cytkowanie:<\/strong><\/p>\n<p>\t\tPowierzchni\u0119 mebla czy\u015bci\u0107 przy pomocy mi\u0119kkiej szmatki. Unika\u0107 stosowania silnie dzia\u0142aj\u0105cych \u015brodk&oacute;w chemicznych.<\/p>\n<p>\t\t<strong>W opakowaniu:<\/strong><\/p>\n<p>\t\tInstrukcja monta\u017cu wraz ze wszystkimi potrzebnymi akcesoriami monta\u017cowymi.<\/p>\n<p>\t\tMeble s\u0105 fabrycznie zapakowane do samodzielnego monta\u017cu.<\/p>\n<p>\t\t<strong>Pozosta\u0142e szczeg&oacute;\u0142owe wymiary znajduj\u0105 si\u0119 poni\u017cej w zak\u0142adce &quot;Pliki&quot; w postaci arkusza kalkulacyjnego.<\/strong><\/p>\n","protected":false},"excerpt":{"rendered":"<p><strong>MATERIA\u0141:<\/strong><\/p>\n<p>\tKorpus &#8211; p\u0142yta wi&oacute;rowa laminowana 16 mm.<\/p>\n<p>\tFront &#8211; P\u0142yta MDF o grubo\u015bci 18 mm, melaminowana, frezowana, oklejona foli\u0105<\/p>\n<p>\tZawiasy &ndash; metalowe\/stalowe, z mo\u017cliwo\u015bci\u0105 dok\u0142adnej regulacji<\/p>\n<p>\t<strong>WYMIARY:<\/strong><\/p>\n<p>\tG\u0142\u0119boko\u015b\u0107: 40 cm<\/p>\n<p>\tSzeroko\u015b\u0107: 160 cm<\/p>\n<p>\tWysoko\u015b\u0107: 43 cm<\/p>\n<p>\t\t<strong>U\u017cytkowanie:<\/strong><\/p>\n<p>\t\tPowierzchni\u0119 mebla czy\u015bci\u0107 przy pomocy mi\u0119kkiej szmatki. Unika\u0107 stosowania silnie dzia\u0142aj\u0105cych \u015brodk&oacute;w chemicznych.<\/p>\n<p>\t\t<strong>W opakowaniu:<\/strong><\/p>\n<p>\t\tInstrukcja monta\u017cu wraz ze wszystkimi potrzebnymi akcesoriami monta\u017cowymi.<\/p>\n<p>\t\tMeble s\u0105 fabrycznie zapakowane do samodzielnego monta\u017cu.<\/p>\n<p>\t\t<strong>Pozosta\u0142e szczeg&oacute;\u0142owe wymiary znajduj\u0105 si\u0119 poni\u017cej w zak\u0142adce &quot;Pliki&quot; w postaci arkusza kalkulacyjnego.<\/strong><\/p>\n","protected":false},"featured_media":5973,"template":"","meta":[],"product_brand":[],"product_cat":[47],"product_tag":[],"class_list":{"0":"post-5972","1":"product","2":"type-product","3":"status-publish","4":"has-post-thumbnail","6":"product_cat-szafki-rtv","8":"first","9":"instock","10":"taxable","11":"shipping-taxable","12":"purchasable","13":"product-type-simple"},"_links":{"self":[{"href":"https:\/\/meblovera.pl\/index.php\/wp-json\/wp\/v2\/product\/5972","targetHints":{"allow":["GET"]}}],"collection":[{"href":"https:\/\/meblovera.pl\/index.php\/wp-json\/wp\/v2\/product"}],"about":[{"href":"https:\/\/meblovera.pl\/index.php\/wp-json\/wp\/v2\/types\/product"}],"wp:featuredmedia":[{"embeddable":true,"href":"https:\/\/meblovera.pl\/index.php\/wp-json\/wp\/v2\/media\/5973"}],"wp:attachment":[{"href":"https:\/\/meblovera.pl\/index.php\/wp-json\/wp\/v2\/media?parent=5972"}],"wp:term":[{"taxonomy":"product_brand","embeddable":true,"href":"https:\/\/meblovera.pl\/index.php\/wp-json\/wp\/v2\/product_brand?post=5972"},{"taxonomy":"product_cat","embeddable":true,"href":"https:\/\/meblovera.pl\/index.php\/wp-json\/wp\/v2\/product_cat?post=5972"},{"taxonomy":"product_tag","embeddable":true,"href":"https:\/\/meblovera.pl\/index.php\/wp-json\/wp\/v2\/product_tag?post=5972"}],"curies":[{"name":"wp","href":"https:\/\/api.w.org\/{rel}","templated":true}]}}