{"id":5118,"date":"2026-01-29T10:06:25","date_gmt":"2026-01-29T09:06:25","guid":{"rendered":"http:\/\/serwer372429.lh.pl\/autoinstalator\/serwer372429.lh.pl\/wordpress128121\/index.php\/product\/szafka-rtv-kamaro-160-kaszmir-front-ryflowany-klasyczny\/"},"modified":"2026-01-29T10:06:25","modified_gmt":"2026-01-29T09:06:25","slug":"szafka-rtv-kamaro-160-kaszmir-front-ryflowany-klasyczny","status":"publish","type":"product","link":"https:\/\/meblovera.pl\/index.php\/product\/szafka-rtv-kamaro-160-kaszmir-front-ryflowany-klasyczny\/","title":{"rendered":"SZAFKA RTV KAMARO 160 KASZMIR Front ryflowany + Klasyczny"},"content":{"rendered":"<p>NOWOCZESNA SZAFKA RTV<br \/>\n\t<strong data-end=\"156\" data-start=\"112\">SERIA: KAMARO<\/strong><br \/>\n\t<strong data-end=\"156\" data-start=\"112\">MODEL: RTV KAMARO 160 CM SLIM\/G\u0141ADKI<\/strong><\/p>\n<p data-end=\"208\" data-start=\"159\">\n\t<strong data-end=\"206\" data-start=\"159\">Styl i funkcjonalno\u015b\u0107 w nowoczesnym wydaniu<\/strong><\/p>\n<p>\tKOLOR:<\/p>\n<ul data-end=\"319\" data-start=\"227\">\n<li data-end=\"254\" data-start=\"227\">\n\t\t<strong data-end=\"240\" data-start=\"229\">Korpus i Front:<\/strong> Kaszmir<\/li>\n<li data-end=\"319\" data-start=\"291\">\n\t\t<strong data-end=\"302\" data-start=\"293\">Nogi:<\/strong> Metalowe, Kaszmirowe<\/li>\n<\/ul>\n<p>\n\t<b>Ekskluzywny i elegancki odcie\u0144 be\u017cu<\/b><\/p>\n<p>\tDESIGN I FUNKCJONALNO\u015a\u0106<\/p>\n<p data-end=\"559\" data-start=\"359\">\n\tSzafka RTV <strong data-end=\"342\" data-start=\"332\">KAMARO<\/strong> to idealne rozwi\u0105zanie dla os&oacute;b ceni\u0105cych nowoczesny styl i praktyczne rozwi\u0105zania. Minimalistyczna konstrukcja i ryflowane fronty nadaj\u0105 jej wyj\u0105tkowy charakter, a przemy\u015blany uk\u0142ad p&oacute;\u0142ek i szafek pozwala na komfortowe przechowywanie i organizacj\u0119 przestrzeni.<\/p>\n<ul data-end=\"1321\" data-start=\"561\">\n<li data-end=\"665\" data-start=\"561\">\n\t\t<strong data-end=\"597\" data-start=\"563\">Nowoczesna konstrukcja front&oacute;w<\/strong> &ndash; drzwiczki zamykane &bdquo;do \u015brodka&rdquo; tworz\u0105 sp&oacute;jn\u0105 i eleganck\u0105 bry\u0142\u0119.<\/li>\n<li data-end=\"776\" data-start=\"666\">\n\t\t<strong data-end=\"701\" data-start=\"668\">Dekoracyjne, ryflowane fronty<\/strong> &ndash; pionowe frezowania imituj\u0105ce lamele nadaj\u0105 szafce wyrazisty charakter.<\/li>\n<li data-end=\"1101\" data-start=\"777\">\n\t\t<strong data-end=\"801\" data-start=\"779\">Funkcjonalny uk\u0142ad<\/strong>:<\/p>\n<ul data-end=\"1101\" data-start=\"807\">\n<li data-end=\"882\" data-start=\"807\">\n\t\t\t\t<strong data-end=\"829\" data-start=\"809\">Pojemna szuflada<\/strong> &ndash; idealna na piloty, dokumenty i drobne akcesoria.<\/li>\n<li data-end=\"991\" data-start=\"885\">\n\t\t\t\t<strong data-end=\"911\" data-start=\"887\">Dwie zamykane szafki<\/strong> &ndash; doskona\u0142e na sprz\u0119t RTV, ksi\u0105\u017cki czy inne przedmioty, kt&oacute;re chcesz schowa\u0107.<\/li>\n<li data-end=\"1101\" data-start=\"994\">\n\t\t\t\t<strong data-end=\"1032\" data-start=\"996\">Otwarta p&oacute;\u0142ka z otworem na kable<\/strong> &ndash; pozwala na wygodne pod\u0142\u0105czenie sprz\u0119tu bez widocznych przewod&oacute;w.<\/li>\n<\/ul>\n<\/li>\n<li data-end=\"1209\" data-start=\"1102\">\n\t\t<strong data-end=\"1129\" data-start=\"1104\">Minimalistyczna forma<\/strong> &ndash; doskonale pasuje do wn\u0119trz w stylu nowoczesnym, skandynawskim lub loftowym.<\/li>\n<li data-end=\"1321\" data-start=\"1210\">\n\t\t<strong data-end=\"1291\" data-start=\"1257\">Solidne, metalowe nogi (wysoko\u015b\u0107 13,5 cm)<\/strong> &ndash; zapewniaj\u0105 stabilno\u015b\u0107 oraz lekki, unikalny design.<\/li>\n<li data-end=\"1321\" data-start=\"1210\">\n\t\t<strong data-end=\"1261\" data-start=\"1242\">Praktyczny blat<\/strong> &ndash; doskona\u0142y na telewizor, dekoracje lub inne elementy wystroju.<\/li>\n<\/ul>\n<p>MATERIA\u0141Y:<\/p>\n<ul data-end=\"1543\" data-start=\"1353\">\n<li data-end=\"1399\" data-start=\"1353\">\n\t\t<strong data-end=\"1366\" data-start=\"1355\">Korpus:<\/strong> P\u0142yta wi&oacute;rowa laminowana o grubo\u015bci 16 mm<\/li>\n<li data-end=\"1473\" data-start=\"1400\">\n\t\t<strong data-end=\"1413\" data-start=\"1402\">Front szuflady:<\/strong> P\u0142yta MDF melaminowana, frezowana i oklejona foli\u0105 o grubo\u015bci 18 mm<\/li>\n<li data-end=\"1399\" data-start=\"1353\">\n\t\t<strong data-end=\"1366\" data-start=\"1355\">Front drzwi:<\/strong> P\u0142yta wi&oacute;rowa laminowana o grubo\u015bci 16 mm<\/li>\n<li data-end=\"1543\" data-start=\"1474\">\n\t\t<strong data-end=\"1488\" data-start=\"1476\">Zawiasy:<\/strong> Metalowe\/stalowe z mo\u017cliwo\u015bci\u0105 precyzyjnej regulacji<\/li>\n<\/ul>\n<p>\tWYMIARY:<\/p>\n<ul data-end=\"1661\" data-start=\"1568\">\n<li data-end=\"1592\" data-start=\"1568\">\n\t\t<strong data-end=\"1584\" data-start=\"1570\">G\u0142\u0119boko\u015b\u0107:<\/strong> 40 cm<\/li>\n<li data-end=\"1618\" data-start=\"1593\">\n\t\t<strong data-end=\"1609\" data-start=\"1595\">Szeroko\u015b\u0107:<\/strong> 164 cm<\/li>\n<li data-end=\"1661\" data-start=\"1619\">\n\t\t<strong data-end=\"1634\" data-start=\"1621\">Wysoko\u015b\u0107:<\/strong> 47 cm (\u0142\u0105cznie z nogami)<\/li>\n<\/ul>\n<p>\tPIEL\u0118GNACJA:<\/p>\n<ul data-end=\"1810\" data-start=\"1690\">\n<li data-end=\"1743\" data-start=\"1690\">\n\t\tPowierzchni\u0119 mebla czy\u015bci\u0107 mi\u0119kk\u0105, such\u0105 szmatk\u0105.<\/li>\n<li data-end=\"1810\" data-start=\"1744\">\n\t\tUnika\u0107 stosowania agresywnych \u015brodk&oacute;w chemicznych i \u015bciernych.<\/li>\n<\/ul>\n<p>\tZAWARTO\u015a\u0106 OPAKOWANIA:<\/p>\n<ul data-end=\"1977\" data-start=\"1848\">\n<li data-end=\"1884\" data-start=\"1848\">\n\t\tInstrukcja monta\u017cu krok po kroku<\/li>\n<li data-end=\"1919\" data-start=\"1885\">\n\t\tKomplet akcesori&oacute;w monta\u017cowych<\/li>\n<\/ul>\n<p>\n\tMebel dostarczany w paczkach do samodzielnego monta\u017cu.<\/p>\n<\/p>\n<p>\n\t<em><strong data-end=\"82\" data-start=\"67\">Informacja:<\/strong><\/em><\/p>\n<p>\n\t<em>Dok\u0142adamy wszelkich stara\u0144, aby kolory mebli prezentowane na zdj\u0119ciach by\u0142y odwzorowane mo\u017cliwie jak najdok\u0142adniej. Nale\u017cy jednak pami\u0119ta\u0107, \u017ce ich odbi&oacute;r mo\u017ce si\u0119 r&oacute;\u017cni\u0107 w zale\u017cno\u015bci od indywidualnych ustawie\u0144 monitora lub ekranu (takich jak jasno\u015b\u0107, kontrast, temperatura barwowa czy technologia wy\u015bwietlania). Rzeczywisty odcie\u0144 produktu mo\u017ce si\u0119 tak\u017ce r&oacute;\u017cni\u0107 w zale\u017cno\u015bci od warunk&oacute;w o\u015bwietleniowych.<br data-end=\"491\" data-is-only-node=\"\" data-start=\"488\" \/><br \/>\n\tEwentualne r&oacute;\u017cnice kolorystyczne nie wynikaj\u0105 z wady produktu.<\/em><\/p>\n","protected":false},"excerpt":{"rendered":"<p>MATERIA\u0141Y:<\/p>\n<ul data-end=\"1543\" data-start=\"1353\">\n<li data-end=\"1399\" data-start=\"1353\">\n\t\t<strong data-end=\"1366\" data-start=\"1355\">Korpus:<\/strong> P\u0142yta wi&oacute;rowa laminowana o grubo\u015bci 16 mm<\/li>\n<li data-end=\"1473\" data-start=\"1400\">\n\t\t<strong data-end=\"1413\" data-start=\"1402\">Front szuflady:<\/strong> P\u0142yta MDF melaminowana, frezowana i oklejona foli\u0105 o grubo\u015bci 18 mm<\/li>\n<li data-end=\"1399\" data-start=\"1353\">\n\t\t<strong data-end=\"1366\" data-start=\"1355\">Front drzwi:<\/strong> P\u0142yta wi&oacute;rowa laminowana o grubo\u015bci 16 mm<\/li>\n<li data-end=\"1543\" data-start=\"1474\">\n\t\t<strong data-end=\"1488\" data-start=\"1476\">Zawiasy:<\/strong> Metalowe\/stalowe z mo\u017cliwo\u015bci\u0105 precyzyjnej regulacji<\/li>\n<\/ul>\n<p>\tWYMIARY:<\/p>\n<ul data-end=\"1661\" data-start=\"1568\">\n<li data-end=\"1592\" data-start=\"1568\">\n\t\t<strong data-end=\"1584\" data-start=\"1570\">G\u0142\u0119boko\u015b\u0107:<\/strong> 40 cm<\/li>\n<li data-end=\"1618\" data-start=\"1593\">\n\t\t<strong data-end=\"1609\" data-start=\"1595\">Szeroko\u015b\u0107:<\/strong> 164 cm<\/li>\n<li data-end=\"1661\" data-start=\"1619\">\n\t\t<strong data-end=\"1634\" data-start=\"1621\">Wysoko\u015b\u0107:<\/strong> 47 cm (\u0142\u0105cznie z nogami)<\/li>\n<\/ul>\n<p>\tPIEL\u0118GNACJA:<\/p>\n<ul data-end=\"1810\" data-start=\"1690\">\n<li data-end=\"1743\" data-start=\"1690\">\n\t\tPowierzchni\u0119 mebla czy\u015bci\u0107 mi\u0119kk\u0105, such\u0105 szmatk\u0105.<\/li>\n<li data-end=\"1810\" data-start=\"1744\">\n\t\tUnika\u0107 stosowania agresywnych \u015brodk&oacute;w chemicznych i \u015bciernych.<\/li>\n<\/ul>\n<p>\tZAWARTO\u015a\u0106 OPAKOWANIA:<\/p>\n<ul data-end=\"1977\" data-start=\"1848\">\n<li data-end=\"1884\" data-start=\"1848\">\n\t\tInstrukcja monta\u017cu krok po kroku<\/li>\n<li data-end=\"1919\" data-start=\"1885\">\n\t\tKomplet akcesori&oacute;w monta\u017cowych<\/li>\n<\/ul>\n<p>\n\tMebel dostarczany w paczkach do samodzielnego monta\u017cu.<\/p>\n<\/p>\n<p>\n\t<em><strong data-end=\"82\" data-start=\"67\">Informacja:<\/strong><\/em><\/p>\n<p>\n\t<em>Dok\u0142adamy wszelkich stara\u0144, aby kolory mebli prezentowane na zdj\u0119ciach by\u0142y odwzorowane mo\u017cliwie jak najdok\u0142adniej. Nale\u017cy jednak pami\u0119ta\u0107, \u017ce ich odbi&oacute;r mo\u017ce si\u0119 r&oacute;\u017cni\u0107 w zale\u017cno\u015bci od indywidualnych ustawie\u0144 monitora lub ekranu (takich jak jasno\u015b\u0107, kontrast, temperatura barwowa czy technologia wy\u015bwietlania). Rzeczywisty odcie\u0144 produktu mo\u017ce si\u0119 tak\u017ce r&oacute;\u017cni\u0107 w zale\u017cno\u015bci od warunk&oacute;w o\u015bwietleniowych.<br data-end=\"491\" data-is-only-node=\"\" data-start=\"488\" \/><br \/>\n\tEwentualne r&oacute;\u017cnice kolorystyczne nie wynikaj\u0105 z wady produktu.<\/em><\/p>\n","protected":false},"featured_media":5119,"template":"","meta":[],"product_brand":[],"product_cat":[47],"product_tag":[],"class_list":{"0":"post-5118","1":"product","2":"type-product","3":"status-publish","4":"has-post-thumbnail","6":"product_cat-szafki-rtv","8":"first","9":"instock","10":"taxable","11":"shipping-taxable","12":"purchasable","13":"product-type-simple"},"_links":{"self":[{"href":"https:\/\/meblovera.pl\/index.php\/wp-json\/wp\/v2\/product\/5118","targetHints":{"allow":["GET"]}}],"collection":[{"href":"https:\/\/meblovera.pl\/index.php\/wp-json\/wp\/v2\/product"}],"about":[{"href":"https:\/\/meblovera.pl\/index.php\/wp-json\/wp\/v2\/types\/product"}],"wp:featuredmedia":[{"embeddable":true,"href":"https:\/\/meblovera.pl\/index.php\/wp-json\/wp\/v2\/media\/5119"}],"wp:attachment":[{"href":"https:\/\/meblovera.pl\/index.php\/wp-json\/wp\/v2\/media?parent=5118"}],"wp:term":[{"taxonomy":"product_brand","embeddable":true,"href":"https:\/\/meblovera.pl\/index.php\/wp-json\/wp\/v2\/product_brand?post=5118"},{"taxonomy":"product_cat","embeddable":true,"href":"https:\/\/meblovera.pl\/index.php\/wp-json\/wp\/v2\/product_cat?post=5118"},{"taxonomy":"product_tag","embeddable":true,"href":"https:\/\/meblovera.pl\/index.php\/wp-json\/wp\/v2\/product_tag?post=5118"}],"curies":[{"name":"wp","href":"https:\/\/api.w.org\/{rel}","templated":true}]}}