{"id":4963,"date":"2025-08-04T11:50:54","date_gmt":"2025-08-04T09:50:54","guid":{"rendered":"http:\/\/serwer372429.lh.pl\/autoinstalator\/serwer372429.lh.pl\/wordpress128121\/index.php\/product\/szafka-nocna-malwa-m1-glina\/"},"modified":"2025-08-04T11:50:54","modified_gmt":"2025-08-04T09:50:54","slug":"szafka-nocna-malwa-m1-glina","status":"publish","type":"product","link":"https:\/\/meblovera.pl\/index.php\/product\/szafka-nocna-malwa-m1-glina\/","title":{"rendered":"Szafka nocna Malwa M1 GLINA"},"content":{"rendered":"<p><strong>NOWOCZESNA SZAFKA \/ STOLIK NOCNY 2 SZUFLADY<\/strong><\/p>\n<p>\t<strong>SERIA: MALWA<\/strong><\/p>\n<p>\t<strong>MODEL: M1<\/strong><\/p>\n<p>\t\t<strong>KOLOR: GLINA<\/strong><\/p>\n<p>\t\t<strong>Elegancki i stylowy odcie\u0144 szaro\u015bci<\/strong><\/p>\n<p>\t\t\tSzafka nocna M1 z serii MALWA to idealny dodatek do ka\u017cdej nowocze\u015bnie urz\u0105dzonej sypialni. W kolorze <strong>GLINA<\/strong>, b\u0119d\u0105cym unikaln\u0105 nowo\u015bci\u0105 na polskim rynku meblarskim, ten mebel z pewno\u015bci\u0105 wyr&oacute;\u017cni si\u0119 w ka\u017cdym wn\u0119trzu, dodaj\u0105c mu wyrafinowanego charakteru.<\/p>\n<p>\t\t\tSzafka zosta\u0142a zaprojektowana z my\u015bl\u0105 o tych, kt&oacute;rzy ceni\u0105 sobie nie tylko funkcjonalno\u015b\u0107, ale r&oacute;wnie\u017c wyj\u0105tkowy design. Jej minimalistyczna konstrukcja oraz bezuchwytowe fronty szuflad nie tylko u\u0142atwiaj\u0105 u\u017cytkowanie, ale tak\u017ce podkre\u015blaj\u0105 nowoczesny charakter wn\u0119trza.<\/p>\n<ul>\n<li>\n\t\t\t2 szuflady idealnie sprawdz\u0105 si\u0119 do przechowywania wszystkich niezb\u0119dnych przedmiot&oacute;w, takich jak okulary, ulubiona ksi\u0105\u017cka czy telefon.<\/li>\n<li>\n\t\t\tDodatkowa pojemna p&oacute;\u0142ka nad szufladami<\/li>\n<li>\n\t\t\tTrendy kolor <strong>GLINA<\/strong> &#8211; subtelny i stylowy odcie\u0144 szaro\u015bci, kt&oacute;ry jest rzadko\u015bci\u0105 na rynku, teraz dost\u0119pny dla Ciebie.<\/li>\n<li>\n\t\t\tWysoka jako\u015b\u0107 wykonania, z nowym typem oku\u0107 i g\u0142adkimi bokami bez za\u015blepek.<\/li>\n<li>\n\t\t\tProdukt polskiego producenta, gwarantuj\u0105cy solidno\u015b\u0107 i trwa\u0142o\u015b\u0107 mebla.<\/li>\n<\/ul>\n<p><strong>MATERIA\u0141:<\/strong><\/p>\n<p>\tKorpus i front &#8211; p\u0142yta wi&oacute;rowa laminowana.<\/p>\n<p>\tObrze\u017ca &ndash; wyko\u0144czone tworzywem ABS (charakteryzuj\u0105cym si\u0119 du\u017c\u0105 wytrzyma\u0142o\u015bci\u0105 mechaniczn\u0105 i chemiczn\u0105)<\/p>\n<p>\tSzuflady &ndash; na prowadnicach rolkowych to gwarancja wygodnego, a przede wszystkim bezpiecznego u\u017cytkowania.<\/p>\n<p>\t<strong>WYMIARY:<\/strong><\/p>\n<p>\tG\u0142\u0119boko\u015b\u0107: 32 cm<\/p>\n<p>\tSzeroko\u015b\u0107: 40 cm<\/p>\n<p>\tWysoko\u015b\u0107: 59 cm<\/p>\n<p>\t<strong>U\u017cytkowanie:<\/strong><\/p>\n<p>\tPowierzchni\u0119 mebla czy\u015bci\u0107 przy pomocy mi\u0119kkiej szmatki. Unika\u0107 stosowania silnie dzia\u0142aj\u0105cych \u015brodk&oacute;w chemicznych.<\/p>\n<p>\t<strong>W opakowaniu:<\/strong><\/p>\n<p>\tInstrukcja monta\u017cu wraz ze wszystkimi potrzebnymi akcesoriami monta\u017cowymi.<\/p>\n<p>\tMeble s\u0105 fabrycznie zapakowane do samodzielnego monta\u017cu.<\/p>\n<p>\n\t\t<em><strong data-end=\"82\" data-start=\"67\">Informacja:<\/strong><\/em><\/p>\n<p>\n\t\t<em>Dok\u0142adamy wszelkich stara\u0144, aby kolory mebli prezentowane na zdj\u0119ciach by\u0142y odwzorowane mo\u017cliwie jak najdok\u0142adniej. Nale\u017cy jednak pami\u0119ta\u0107, \u017ce ich odbi&oacute;r mo\u017ce si\u0119 r&oacute;\u017cni\u0107 w zale\u017cno\u015bci od indywidualnych ustawie\u0144 monitora lub ekranu (takich jak jasno\u015b\u0107, kontrast, temperatura barwowa czy technologia wy\u015bwietlania). Rzeczywisty odcie\u0144 produktu mo\u017ce si\u0119 tak\u017ce r&oacute;\u017cni\u0107 w zale\u017cno\u015bci od warunk&oacute;w o\u015bwietleniowych.<br data-end=\"491\" data-is-only-node=\"\" data-start=\"488\" \/><br \/>\n\t\tEwentualne r&oacute;\u017cnice kolorystyczne nie wynikaj\u0105 z wady produktu.<\/em><\/p><\/p>\n","protected":false},"excerpt":{"rendered":"<p><strong>MATERIA\u0141:<\/strong><\/p>\n<p>\tKorpus i front &#8211; p\u0142yta wi&oacute;rowa laminowana.<\/p>\n<p>\tObrze\u017ca &ndash; wyko\u0144czone tworzywem ABS (charakteryzuj\u0105cym si\u0119 du\u017c\u0105 wytrzyma\u0142o\u015bci\u0105 mechaniczn\u0105 i chemiczn\u0105)<\/p>\n<p>\tSzuflady &ndash; na prowadnicach rolkowych to gwarancja wygodnego, a przede wszystkim bezpiecznego u\u017cytkowania.<\/p>\n<p>\t<strong>WYMIARY:<\/strong><\/p>\n<p>\tG\u0142\u0119boko\u015b\u0107: 32 cm<\/p>\n<p>\tSzeroko\u015b\u0107: 40 cm<\/p>\n<p>\tWysoko\u015b\u0107: 59 cm<\/p>\n<p>\t<strong>U\u017cytkowanie:<\/strong><\/p>\n<p>\tPowierzchni\u0119 mebla czy\u015bci\u0107 przy pomocy mi\u0119kkiej szmatki. Unika\u0107 stosowania silnie dzia\u0142aj\u0105cych \u015brodk&oacute;w chemicznych.<\/p>\n<p>\t<strong>W opakowaniu:<\/strong><\/p>\n<p>\tInstrukcja monta\u017cu wraz ze wszystkimi potrzebnymi akcesoriami monta\u017cowymi.<\/p>\n<p>\tMeble s\u0105 fabrycznie zapakowane do samodzielnego monta\u017cu.<\/p>\n<p>\n\t\t<em><strong data-end=\"82\" data-start=\"67\">Informacja:<\/strong><\/em><\/p>\n<p>\n\t\t<em>Dok\u0142adamy wszelkich stara\u0144, aby kolory mebli prezentowane na zdj\u0119ciach by\u0142y odwzorowane mo\u017cliwie jak najdok\u0142adniej. Nale\u017cy jednak pami\u0119ta\u0107, \u017ce ich odbi&oacute;r mo\u017ce si\u0119 r&oacute;\u017cni\u0107 w zale\u017cno\u015bci od indywidualnych ustawie\u0144 monitora lub ekranu (takich jak jasno\u015b\u0107, kontrast, temperatura barwowa czy technologia wy\u015bwietlania). Rzeczywisty odcie\u0144 produktu mo\u017ce si\u0119 tak\u017ce r&oacute;\u017cni\u0107 w zale\u017cno\u015bci od warunk&oacute;w o\u015bwietleniowych.<br data-end=\"491\" data-is-only-node=\"\" data-start=\"488\" \/><br \/>\n\t\tEwentualne r&oacute;\u017cnice kolorystyczne nie wynikaj\u0105 z wady produktu.<\/em><\/p><\/p>\n","protected":false},"featured_media":4964,"template":"","meta":[],"product_brand":[],"product_cat":[51],"product_tag":[],"class_list":{"0":"post-4963","1":"product","2":"type-product","3":"status-publish","4":"has-post-thumbnail","6":"product_cat-szafki-nocne","8":"first","9":"instock","10":"taxable","11":"shipping-taxable","12":"purchasable","13":"product-type-simple"},"_links":{"self":[{"href":"https:\/\/meblovera.pl\/index.php\/wp-json\/wp\/v2\/product\/4963","targetHints":{"allow":["GET"]}}],"collection":[{"href":"https:\/\/meblovera.pl\/index.php\/wp-json\/wp\/v2\/product"}],"about":[{"href":"https:\/\/meblovera.pl\/index.php\/wp-json\/wp\/v2\/types\/product"}],"wp:featuredmedia":[{"embeddable":true,"href":"https:\/\/meblovera.pl\/index.php\/wp-json\/wp\/v2\/media\/4964"}],"wp:attachment":[{"href":"https:\/\/meblovera.pl\/index.php\/wp-json\/wp\/v2\/media?parent=4963"}],"wp:term":[{"taxonomy":"product_brand","embeddable":true,"href":"https:\/\/meblovera.pl\/index.php\/wp-json\/wp\/v2\/product_brand?post=4963"},{"taxonomy":"product_cat","embeddable":true,"href":"https:\/\/meblovera.pl\/index.php\/wp-json\/wp\/v2\/product_cat?post=4963"},{"taxonomy":"product_tag","embeddable":true,"href":"https:\/\/meblovera.pl\/index.php\/wp-json\/wp\/v2\/product_tag?post=4963"}],"curies":[{"name":"wp","href":"https:\/\/api.w.org\/{rel}","templated":true}]}}