{"id":3381,"date":"2026-01-24T08:58:29","date_gmt":"2026-01-24T07:58:29","guid":{"rendered":"http:\/\/serwer372429.lh.pl\/autoinstalator\/serwer372429.lh.pl\/wordpress128121\/index.php\/product\/rtv-malwa-140-dab-artisan-biel\/"},"modified":"2026-01-24T08:58:29","modified_gmt":"2026-01-24T07:58:29","slug":"rtv-malwa-140-dab-artisan-biel","status":"publish","type":"product","link":"https:\/\/meblovera.pl\/index.php\/product\/rtv-malwa-140-dab-artisan-biel\/","title":{"rendered":"RTV Malwa 140 D\u0104B ARTISAN BIEL"},"content":{"rendered":"<p><strong>NOWOCZESNY STOLIK \/ SZAFKA RTV<\/strong><\/p>\n<p>\t<strong>SERIA: MALWA<\/strong><\/p>\n<p>\t<strong>WERSJA: RTV 140 CM<\/strong><\/p>\n<p>\t<strong>KOLOR:<\/strong><\/p>\n<p>\t<strong>Korpus: D\u0105b Artisan<br \/>\n\tFront: Bia\u0142y<\/strong><\/p>\n<p>\tNowoczesny stolik RTV to praktyczny i elegancki mebel, kt&oacute;ry jest doskona\u0142\u0105 propozycj\u0105 dla os&oacute;b szukaj\u0105cych funkcjonalnych mebli do nowoczesnego wn\u0119trza.<\/p>\n<p>\n\tModne po\u0142\u0105czenie kolor&oacute;w &#8211; Artisanu i Bieli nadaje meblowi wyj\u0105tkowy, modny wygl\u0105d, kt&oacute;ry doskonale wpisuje si\u0119 w aktualne trendy wn\u0119trzarskie.<\/p>\n<p>\t<strong>G\u0141&Oacute;WNE CECHY:<\/strong><\/p>\n<ul>\n<li>\n\t\t\tDwie poboczne szafki, bez p&oacute;\u0142ek w \u015brodku, to wygodne przechowywanie przer&oacute;\u017cnych sprz\u0119t&oacute;w i drobiazg&oacute;w.<\/li>\n<li>\n\t\t\tOtwarta p&oacute;\u0142ka pozwala na wygodne ustawienie sprz\u0119tu RTV, a umieszczony w jej plecach otw&oacute;r u\u0142atwia dyskretny monta\u017c okablowania.<\/li>\n<li>\n\t\t\tPraktyczny blat to idealne miejsce na telewizor i dekoracje.<\/li>\n<li>\n\t\t\tPolski producent.<\/li>\n<\/ul>\n<p>\tSzafka RTV 140 mo\u017ce pos\u0142u\u017cy\u0107 jako stolik pod telewizor, miejsce do przechowywania sprz\u0119tu audio video, a tak\u017ce jako dodatkowy schowek w salonie na drobne przedmioty u\u017cytku codziennego.<\/p>\n<p>\tZajmuje niewiele miejsca, dzi\u0119ki czemu doskonale sprawdzi si\u0119 zar&oacute;wno w ma\u0142ych, jak i du\u017cych pomieszczeniach.<\/p>\n<p><strong>MATERIA\u0141:<\/strong><\/p>\n<p>\tKorpus i front &ndash; p\u0142yta wi&oacute;rowa laminowana o grubo\u015bci 16 mm.<\/p>\n<p>\tZawiasy &ndash; metalowe\/stalowe, z mo\u017cliwo\u015bci\u0105 dok\u0142adnej regulacji<\/p>\n<p>\t<strong>WYMIARY:<\/strong><\/p>\n<p>\tG\u0142\u0119boko\u015b\u0107: 40 cm<\/p>\n<p>\tSzeroko\u015b\u0107: 140 cm<\/p>\n<p>\tWysoko\u015b\u0107: 36 cm<\/p>\n<p>\t\t<strong>MONTA\u017b I PIEL\u0118GNACJA:<\/strong><\/p>\n<ul>\n<li>\n\t\t\t\t\tMebel dostarczany w paczkach do samodzielnego monta\u017cu<\/li>\n<li>\n\t\t\t\t\tW zestawie znajduje si\u0119 instrukcja oraz komplet akcesori&oacute;w monta\u017cowych<\/li>\n<li>\n\t\t\t\t\tCzy\u015bci\u0107 mi\u0119kk\u0105, lekko wilgotn\u0105 \u015bciereczk\u0105 &ndash; unika\u0107 silnych detergent&oacute;w.<\/li>\n<\/ul>\n<p>\n\t\t\t\t<em><strong data-end=\"82\" data-start=\"67\">Informacja:<\/strong><\/em><\/p>\n<p>\t\t\t<em>Dok\u0142adamy wszelkich stara\u0144, aby kolory mebli prezentowane na zdj\u0119ciach by\u0142y odwzorowane mo\u017cliwie jak najdok\u0142adniej. Nale\u017cy jednak pami\u0119ta\u0107, \u017ce ich odbi&oacute;r mo\u017ce si\u0119 r&oacute;\u017cni\u0107 w zale\u017cno\u015bci od indywidualnych ustawie\u0144 monitora lub ekranu (takich jak jasno\u015b\u0107, kontrast, temperatura barwowa czy technologia wy\u015bwietlania). Rzeczywisty odcie\u0144 produktu mo\u017ce si\u0119 tak\u017ce r&oacute;\u017cni\u0107 w zale\u017cno\u015bci od warunk&oacute;w o\u015bwietleniowych.<br data-end=\"491\" data-is-only-node=\"\" data-start=\"488\" \/><br \/>\n\t\t\tEwentualne r&oacute;\u017cnice kolorystyczne nie wynikaj\u0105 z wady produktu.<\/em><\/p>\n","protected":false},"excerpt":{"rendered":"<p><strong>MATERIA\u0141:<\/strong><\/p>\n<p>\tKorpus i front &ndash; p\u0142yta wi&oacute;rowa laminowana o grubo\u015bci 16 mm.<\/p>\n<p>\tZawiasy &ndash; metalowe\/stalowe, z mo\u017cliwo\u015bci\u0105 dok\u0142adnej regulacji<\/p>\n<p>\t<strong>WYMIARY:<\/strong><\/p>\n<p>\tG\u0142\u0119boko\u015b\u0107: 40 cm<\/p>\n<p>\tSzeroko\u015b\u0107: 140 cm<\/p>\n<p>\tWysoko\u015b\u0107: 36 cm<\/p>\n<p>\t\t<strong>MONTA\u017b I PIEL\u0118GNACJA:<\/strong><\/p>\n<ul>\n<li>\n\t\t\t\t\tMebel dostarczany w paczkach do samodzielnego monta\u017cu<\/li>\n<li>\n\t\t\t\t\tW zestawie znajduje si\u0119 instrukcja oraz komplet akcesori&oacute;w monta\u017cowych<\/li>\n<li>\n\t\t\t\t\tCzy\u015bci\u0107 mi\u0119kk\u0105, lekko wilgotn\u0105 \u015bciereczk\u0105 &ndash; unika\u0107 silnych detergent&oacute;w.<\/li>\n<\/ul>\n<p>\n\t\t\t\t<em><strong data-end=\"82\" data-start=\"67\">Informacja:<\/strong><\/em><\/p>\n<p>\t\t\t<em>Dok\u0142adamy wszelkich stara\u0144, aby kolory mebli prezentowane na zdj\u0119ciach by\u0142y odwzorowane mo\u017cliwie jak najdok\u0142adniej. Nale\u017cy jednak pami\u0119ta\u0107, \u017ce ich odbi&oacute;r mo\u017ce si\u0119 r&oacute;\u017cni\u0107 w zale\u017cno\u015bci od indywidualnych ustawie\u0144 monitora lub ekranu (takich jak jasno\u015b\u0107, kontrast, temperatura barwowa czy technologia wy\u015bwietlania). Rzeczywisty odcie\u0144 produktu mo\u017ce si\u0119 tak\u017ce r&oacute;\u017cni\u0107 w zale\u017cno\u015bci od warunk&oacute;w o\u015bwietleniowych.<br data-end=\"491\" data-is-only-node=\"\" data-start=\"488\" \/><br \/>\n\t\t\tEwentualne r&oacute;\u017cnice kolorystyczne nie wynikaj\u0105 z wady produktu.<\/em><\/p>\n","protected":false},"featured_media":3382,"template":"","meta":[],"product_brand":[],"product_cat":[47],"product_tag":[],"class_list":{"0":"post-3381","1":"product","2":"type-product","3":"status-publish","4":"has-post-thumbnail","6":"product_cat-szafki-rtv","8":"first","9":"instock","10":"taxable","11":"shipping-taxable","12":"purchasable","13":"product-type-simple"},"_links":{"self":[{"href":"https:\/\/meblovera.pl\/index.php\/wp-json\/wp\/v2\/product\/3381","targetHints":{"allow":["GET"]}}],"collection":[{"href":"https:\/\/meblovera.pl\/index.php\/wp-json\/wp\/v2\/product"}],"about":[{"href":"https:\/\/meblovera.pl\/index.php\/wp-json\/wp\/v2\/types\/product"}],"wp:featuredmedia":[{"embeddable":true,"href":"https:\/\/meblovera.pl\/index.php\/wp-json\/wp\/v2\/media\/3382"}],"wp:attachment":[{"href":"https:\/\/meblovera.pl\/index.php\/wp-json\/wp\/v2\/media?parent=3381"}],"wp:term":[{"taxonomy":"product_brand","embeddable":true,"href":"https:\/\/meblovera.pl\/index.php\/wp-json\/wp\/v2\/product_brand?post=3381"},{"taxonomy":"product_cat","embeddable":true,"href":"https:\/\/meblovera.pl\/index.php\/wp-json\/wp\/v2\/product_cat?post=3381"},{"taxonomy":"product_tag","embeddable":true,"href":"https:\/\/meblovera.pl\/index.php\/wp-json\/wp\/v2\/product_tag?post=3381"}],"curies":[{"name":"wp","href":"https:\/\/api.w.org\/{rel}","templated":true}]}}