{"id":3366,"date":"2026-01-24T08:58:29","date_gmt":"2026-01-24T07:58:29","guid":{"rendered":"http:\/\/serwer372429.lh.pl\/autoinstalator\/serwer372429.lh.pl\/wordpress128121\/index.php\/product\/rtv-malwa-140-bialy-polysk\/"},"modified":"2026-01-24T08:58:29","modified_gmt":"2026-01-24T07:58:29","slug":"rtv-malwa-140-bialy-polysk","status":"publish","type":"product","link":"https:\/\/meblovera.pl\/index.php\/product\/rtv-malwa-140-bialy-polysk\/","title":{"rendered":"RTV Malwa 140 BIA\u0141Y PO\u0141YSK"},"content":{"rendered":"<p><strong>NOWOCZESNY STOLIK \/ SZAFKA RTV \/ LCD <\/strong><\/p>\n<p>\t<strong>SERIA: MALWA<\/strong><\/p>\n<p>\t<strong>MODEL: 140<\/strong><\/p>\n<p>\t<strong>KOLOR: BIEL PO\u0141YSK<\/strong><\/p>\n<ul>\n<li>\n\t\tLAKIEROWANE FRONTY NA WYSOKI PO\u0141YSK<\/li>\n<li>\n\t\tSZKLANA P&Oacute;\u0141KA, <\/li>\n<li>\n\t\tKORPUS STOLIKA LAMINOWANY<\/li>\n<\/ul>\n<p>\tLubisz sp\u0119dza\u0107 czas z rodzin\u0105 i znajomymi? A mo\u017ce wolisz si\u0119 zrelaksowa\u0107, ogl\u0105daj\u0105c ulubiony film, koncert DVD, lub s\u0142uchaj\u0105c muzyki?<\/p>\n<p>\tDzi\u0119ki naszym szafkom RTV ka\u017cdy mo\u017ce zaaran\u017cowa\u0107 swoje w\u0142asne studio domowe. Uniwersalny wygl\u0105d sprosta oczekiwaniom wszystkich, kt&oacute;rzy ceni\u0105 po\u0142\u0105czenie prostoty i elegancji. Mebel posiada lakierowane fronty na wysoki po\u0142ysk za\u015b korpus mebla jest laminowany. <\/p>\n<p>\tNajwy\u017cszej jako\u015bci lakier zastosowany do wyko\u0144czenia odporny jest na odbarwienia spowodowane dzia\u0142aniem promieni UV i sprawia, \u017ce powierzchnia jest \u0142atwa do utrzymania w czysto\u015bci.<\/p>\n<p>\tMinimalistyczna konstrukcja bezuchwytowe fronty zapewniaj\u0105 wygodne u\u017cytkowanie i podkre\u015bl\u0105 modernistyczny charakter wn\u0119trza. <\/p>\n<p>\tDwie poboczne szafki, bez p&oacute;\u0142ek w \u015brodku, to wygodne przechowywanie przer&oacute;\u017cnych sprz\u0119t&oacute;w, drobiazg&oacute;w. <\/p>\n<p>\tOtwarta p&oacute;\u0142ka pozwala na wygodne ustawienie sprz\u0119tu RTV, a umieszczony w jej plecach otw&oacute;r, u\u0142atwia dyskretny monta\u017c okablowania. <\/p>\n<p>\tPraktyczny blat, to idealne miejsce na telewizor i dekoracje.<\/p>\n<ul>\n<li>\n\t\tBardzo dobra jako\u015b\u0107 wykonania mebla<\/li>\n<li>\n\t\tNowy typ oku\u0107, g\u0142adkie boki bez za\u015blepek<\/li>\n<li>\n\t\tPolski producent<\/li>\n<\/ul>\n<p><strong>WYMIARY:<\/strong><\/p>\n<p>\tG\u0142\u0119boko\u015b\u0107: 40 cm <\/p>\n<p>\tSzeroko\u015b\u0107: 140 cm <\/p>\n<p>\tWysoko\u015b\u0107: 36 cm<\/p>\n<p>\t<strong>U\u017cytkowanie:<\/strong><\/p>\n<p>\tPowierzchni\u0119 mebla czy\u015bci\u0107 przy pomocy mi\u0119kkiej szmatki. Unika\u0107 stosowania silnie dzia\u0142aj\u0105cych \u015brodk&oacute;w chemicznych.<\/p>\n<p>\t<strong>W opakowaniu:<\/strong><\/p>\n<p>\tInstrukcja monta\u017cu wraz ze wszystkimi potrzebnymi akcesoriami monta\u017cowymi.<\/p>\n<p>\tZestaw NIE zawiera o\u015bwietlenia LED.<\/p>\n<p>\tMO\u017bLIWO\u015a\u0106 KUPIENIA SZAFKI Z O\u015aWIETLENIEM NA NASZYCH POZOSTA\u0141YCH AUKCJACH.<\/p>\n<p>\tMeble s\u0105 fabrycznie zapakowane do samodzielnego monta\u017cu.<\/p>\n<p>\n\t\t<em><strong data-end=\"82\" data-start=\"67\">Informacja:<\/strong><\/em><\/p>\n<p>\n\t\t<em>Dok\u0142adamy wszelkich stara\u0144, aby kolory mebli prezentowane na zdj\u0119ciach by\u0142y odwzorowane mo\u017cliwie jak najdok\u0142adniej. Nale\u017cy jednak pami\u0119ta\u0107, \u017ce ich odbi&oacute;r mo\u017ce si\u0119 r&oacute;\u017cni\u0107 w zale\u017cno\u015bci od indywidualnych ustawie\u0144 monitora lub ekranu (takich jak jasno\u015b\u0107, kontrast, temperatura barwowa czy technologia wy\u015bwietlania). Rzeczywisty odcie\u0144 produktu mo\u017ce si\u0119 tak\u017ce r&oacute;\u017cni\u0107 w zale\u017cno\u015bci od warunk&oacute;w o\u015bwietleniowych.<br data-end=\"491\" data-is-only-node=\"\" data-start=\"488\" \/><br \/>\n\t\tEwentualne r&oacute;\u017cnice kolorystyczne nie wynikaj\u0105 z wady produktu.<\/em><\/p><\/p>\n","protected":false},"excerpt":{"rendered":"<p><strong>WYMIARY:<\/strong><\/p>\n<p>\tG\u0142\u0119boko\u015b\u0107: 40 cm <\/p>\n<p>\tSzeroko\u015b\u0107: 140 cm <\/p>\n<p>\tWysoko\u015b\u0107: 36 cm<\/p>\n<p>\t<strong>U\u017cytkowanie:<\/strong><\/p>\n<p>\tPowierzchni\u0119 mebla czy\u015bci\u0107 przy pomocy mi\u0119kkiej szmatki. Unika\u0107 stosowania silnie dzia\u0142aj\u0105cych \u015brodk&oacute;w chemicznych.<\/p>\n<p>\t<strong>W opakowaniu:<\/strong><\/p>\n<p>\tInstrukcja monta\u017cu wraz ze wszystkimi potrzebnymi akcesoriami monta\u017cowymi.<\/p>\n<p>\tZestaw NIE zawiera o\u015bwietlenia LED.<\/p>\n<p>\tMO\u017bLIWO\u015a\u0106 KUPIENIA SZAFKI Z O\u015aWIETLENIEM NA NASZYCH POZOSTA\u0141YCH AUKCJACH.<\/p>\n<p>\tMeble s\u0105 fabrycznie zapakowane do samodzielnego monta\u017cu.<\/p>\n<p>\n\t\t<em><strong data-end=\"82\" data-start=\"67\">Informacja:<\/strong><\/em><\/p>\n<p>\n\t\t<em>Dok\u0142adamy wszelkich stara\u0144, aby kolory mebli prezentowane na zdj\u0119ciach by\u0142y odwzorowane mo\u017cliwie jak najdok\u0142adniej. Nale\u017cy jednak pami\u0119ta\u0107, \u017ce ich odbi&oacute;r mo\u017ce si\u0119 r&oacute;\u017cni\u0107 w zale\u017cno\u015bci od indywidualnych ustawie\u0144 monitora lub ekranu (takich jak jasno\u015b\u0107, kontrast, temperatura barwowa czy technologia wy\u015bwietlania). Rzeczywisty odcie\u0144 produktu mo\u017ce si\u0119 tak\u017ce r&oacute;\u017cni\u0107 w zale\u017cno\u015bci od warunk&oacute;w o\u015bwietleniowych.<br data-end=\"491\" data-is-only-node=\"\" data-start=\"488\" \/><br \/>\n\t\tEwentualne r&oacute;\u017cnice kolorystyczne nie wynikaj\u0105 z wady produktu.<\/em><\/p><\/p>\n","protected":false},"featured_media":3367,"template":"","meta":[],"product_brand":[],"product_cat":[47],"product_tag":[],"class_list":{"0":"post-3366","1":"product","2":"type-product","3":"status-publish","4":"has-post-thumbnail","6":"product_cat-szafki-rtv","8":"first","9":"instock","10":"taxable","11":"shipping-taxable","12":"purchasable","13":"product-type-simple"},"_links":{"self":[{"href":"https:\/\/meblovera.pl\/index.php\/wp-json\/wp\/v2\/product\/3366","targetHints":{"allow":["GET"]}}],"collection":[{"href":"https:\/\/meblovera.pl\/index.php\/wp-json\/wp\/v2\/product"}],"about":[{"href":"https:\/\/meblovera.pl\/index.php\/wp-json\/wp\/v2\/types\/product"}],"wp:featuredmedia":[{"embeddable":true,"href":"https:\/\/meblovera.pl\/index.php\/wp-json\/wp\/v2\/media\/3367"}],"wp:attachment":[{"href":"https:\/\/meblovera.pl\/index.php\/wp-json\/wp\/v2\/media?parent=3366"}],"wp:term":[{"taxonomy":"product_brand","embeddable":true,"href":"https:\/\/meblovera.pl\/index.php\/wp-json\/wp\/v2\/product_brand?post=3366"},{"taxonomy":"product_cat","embeddable":true,"href":"https:\/\/meblovera.pl\/index.php\/wp-json\/wp\/v2\/product_cat?post=3366"},{"taxonomy":"product_tag","embeddable":true,"href":"https:\/\/meblovera.pl\/index.php\/wp-json\/wp\/v2\/product_tag?post=3366"}],"curies":[{"name":"wp","href":"https:\/\/api.w.org\/{rel}","templated":true}]}}