{"id":3350,"date":"2025-11-20T12:29:13","date_gmt":"2025-11-20T11:29:13","guid":{"rendered":"http:\/\/serwer372429.lh.pl\/autoinstalator\/serwer372429.lh.pl\/wordpress128121\/index.php\/product\/rtv-malwa-140-artisan\/"},"modified":"2025-11-20T12:29:13","modified_gmt":"2025-11-20T11:29:13","slug":"rtv-malwa-140-artisan","status":"publish","type":"product","link":"https:\/\/meblovera.pl\/index.php\/product\/rtv-malwa-140-artisan\/","title":{"rendered":"RTV Malwa 140 ARTISAN"},"content":{"rendered":"<p><strong>NOWOCZESNY STOLIK \/ SZAFKA RTV<\/strong><\/p>\n<p>\t<strong>SERIA: MALWA<\/strong><\/p>\n<p>\t<strong>WERSJA: 140 CM<\/strong><\/p>\n<p>\t<strong>KOLOR: D\u0104B ARTISAN<\/strong><\/p>\n<p>\tUniwersalny wygl\u0105d sprosta oczekiwaniom wszystkich, kt&oacute;rzy ceni\u0105 po\u0142\u0105czenie prostoty i elegancji.<\/p>\n<ul>\n<li>\n\t\tMinimalistyczna konstrukcja<\/li>\n<li>\n\t\tBezuchwytowe, fronty zapewniaj\u0105 wygodne u\u017cytkowanie i podkre\u015bl\u0105 modernistyczny charakter wn\u0119trza<\/li>\n<li>\n\t\tDwie poboczne szafki, bez p&oacute;\u0142ek w \u015brodku, to  wygodne przechowywanie przer&oacute;\u017cnych sprz\u0119t&oacute;w, drobiazg&oacute;w<\/li>\n<li>\n\t\tOtwarta p&oacute;\u0142ka pozwala na wygodne ustawienie sprz\u0119tu RTV, a umieszczony w jej plecach otw&oacute;r, u\u0142atwia dyskretny monta\u017c okablowania<\/li>\n<li>\n\t\tPraktyczny blat, to idealne miejsce na telewizor i dekoracje<\/li>\n<li>\n\t\tPolski producent<\/li>\n<\/ul>\n<p>\tNowoczesny stolik RTV to praktyczny i elegancki mebel, kt&oacute;ry jest doskona\u0142\u0105 propozycj\u0105 dla os&oacute;b szukaj\u0105cych funkcjonalnych mebli do nowoczesnego wn\u0119trza.<\/p>\n<p>\tMo\u017ce pos\u0142u\u017cy\u0107 jako stolik pod telewizor, miejsce do przechowywania sprz\u0119tu audio video, a tak\u017ce jako dodatkowy schowek w salonie na drobne przedmioty u\u017cytku codziennego.<\/p>\n<p>\tZajmuje niewiele miejsca, dzi\u0119ki czemu doskonale sprawdzi si\u0119 zar&oacute;wno w ma\u0142ych jak i du\u017cych pomieszczeniach.<\/p>\n<p>\tProsta konstrukcja gwarantuje \u0142atwo\u015b\u0107 monta\u017cu oraz niezawodno\u015b\u0107 w u\u017cytkowaniu.<\/p>\n<p><strong>MATERIA\u0141:<\/strong><\/p>\n<p>\tKorpus i fronty&ndash; p\u0142yta wi&oacute;rowa laminowana o grubo\u015bci 16mm.<\/p>\n<p>\tObrze\u017ca &ndash; wyko\u0144czone tworzywem ABS (charakteryzuj\u0105cym si\u0119 du\u017c\u0105 wytrzyma\u0142o\u015bci\u0105 mechaniczn\u0105 i chemiczn\u0105)<\/p>\n<p>\tZawiasy &ndash; metalowe\/stalowe, z mo\u017cliwo\u015bci\u0105 dok\u0142adnej regulacji<\/p>\n<p>\t<strong>WYMIARY:<\/strong><\/p>\n<p>\tG\u0142\u0119boko\u015b\u0107: 40 cm<\/p>\n<p>\tSzeroko\u015b\u0107: 140 cm<\/p>\n<p>\tWysoko\u015b\u0107: 36 cm<\/p>\n<p>\t<strong>U\u017cytkowanie:<\/strong><\/p>\n<p>\tPowierzchni\u0119 mebla czy\u015bci\u0107 przy pomocy mi\u0119kkiej szmatki. Unika\u0107 stosowania silnie dzia\u0142aj\u0105cych \u015brodk&oacute;w chemicznych.<\/p>\n<p>\t<strong>W opakowaniu:<\/strong><\/p>\n<p>\tInstrukcja monta\u017cu wraz ze wszystkimi potrzebnymi akcesoriami monta\u017cowymi.<\/p>\n<p>\tMeble s\u0105 fabrycznie zapakowane do samodzielnego monta\u017cu.<\/p>\n<p>\n\t\t<em><strong data-end=\"82\" data-start=\"67\">Informacja:<\/strong><\/em><\/p>\n<p>\n\t\t<em>Dok\u0142adamy wszelkich stara\u0144, aby kolory mebli prezentowane na zdj\u0119ciach by\u0142y odwzorowane mo\u017cliwie jak najdok\u0142adniej. Nale\u017cy jednak pami\u0119ta\u0107, \u017ce ich odbi&oacute;r mo\u017ce si\u0119 r&oacute;\u017cni\u0107 w zale\u017cno\u015bci od indywidualnych ustawie\u0144 monitora lub ekranu (takich jak jasno\u015b\u0107, kontrast, temperatura barwowa czy technologia wy\u015bwietlania). Rzeczywisty odcie\u0144 produktu mo\u017ce si\u0119 tak\u017ce r&oacute;\u017cni\u0107 w zale\u017cno\u015bci od warunk&oacute;w o\u015bwietleniowych.<br data-end=\"491\" data-is-only-node=\"\" data-start=\"488\" \/><br \/>\n\t\tEwentualne r&oacute;\u017cnice kolorystyczne nie wynikaj\u0105 z wady produktu.<\/em><\/p><\/p>\n","protected":false},"excerpt":{"rendered":"<p><strong>MATERIA\u0141:<\/strong><\/p>\n<p>\tKorpus i fronty&ndash; p\u0142yta wi&oacute;rowa laminowana o grubo\u015bci 16mm.<\/p>\n<p>\tObrze\u017ca &ndash; wyko\u0144czone tworzywem ABS (charakteryzuj\u0105cym si\u0119 du\u017c\u0105 wytrzyma\u0142o\u015bci\u0105 mechaniczn\u0105 i chemiczn\u0105)<\/p>\n<p>\tZawiasy &ndash; metalowe\/stalowe, z mo\u017cliwo\u015bci\u0105 dok\u0142adnej regulacji<\/p>\n<p>\t<strong>WYMIARY:<\/strong><\/p>\n<p>\tG\u0142\u0119boko\u015b\u0107: 40 cm<\/p>\n<p>\tSzeroko\u015b\u0107: 140 cm<\/p>\n<p>\tWysoko\u015b\u0107: 36 cm<\/p>\n<p>\t<strong>U\u017cytkowanie:<\/strong><\/p>\n<p>\tPowierzchni\u0119 mebla czy\u015bci\u0107 przy pomocy mi\u0119kkiej szmatki. Unika\u0107 stosowania silnie dzia\u0142aj\u0105cych \u015brodk&oacute;w chemicznych.<\/p>\n<p>\t<strong>W opakowaniu:<\/strong><\/p>\n<p>\tInstrukcja monta\u017cu wraz ze wszystkimi potrzebnymi akcesoriami monta\u017cowymi.<\/p>\n<p>\tMeble s\u0105 fabrycznie zapakowane do samodzielnego monta\u017cu.<\/p>\n<p>\n\t\t<em><strong data-end=\"82\" data-start=\"67\">Informacja:<\/strong><\/em><\/p>\n<p>\n\t\t<em>Dok\u0142adamy wszelkich stara\u0144, aby kolory mebli prezentowane na zdj\u0119ciach by\u0142y odwzorowane mo\u017cliwie jak najdok\u0142adniej. Nale\u017cy jednak pami\u0119ta\u0107, \u017ce ich odbi&oacute;r mo\u017ce si\u0119 r&oacute;\u017cni\u0107 w zale\u017cno\u015bci od indywidualnych ustawie\u0144 monitora lub ekranu (takich jak jasno\u015b\u0107, kontrast, temperatura barwowa czy technologia wy\u015bwietlania). Rzeczywisty odcie\u0144 produktu mo\u017ce si\u0119 tak\u017ce r&oacute;\u017cni\u0107 w zale\u017cno\u015bci od warunk&oacute;w o\u015bwietleniowych.<br data-end=\"491\" data-is-only-node=\"\" data-start=\"488\" \/><br \/>\n\t\tEwentualne r&oacute;\u017cnice kolorystyczne nie wynikaj\u0105 z wady produktu.<\/em><\/p><\/p>\n","protected":false},"featured_media":3351,"template":"","meta":[],"product_brand":[],"product_cat":[47],"product_tag":[],"class_list":{"0":"post-3350","1":"product","2":"type-product","3":"status-publish","4":"has-post-thumbnail","6":"product_cat-szafki-rtv","8":"first","9":"instock","10":"taxable","11":"shipping-taxable","12":"purchasable","13":"product-type-simple"},"_links":{"self":[{"href":"https:\/\/meblovera.pl\/index.php\/wp-json\/wp\/v2\/product\/3350","targetHints":{"allow":["GET"]}}],"collection":[{"href":"https:\/\/meblovera.pl\/index.php\/wp-json\/wp\/v2\/product"}],"about":[{"href":"https:\/\/meblovera.pl\/index.php\/wp-json\/wp\/v2\/types\/product"}],"wp:featuredmedia":[{"embeddable":true,"href":"https:\/\/meblovera.pl\/index.php\/wp-json\/wp\/v2\/media\/3351"}],"wp:attachment":[{"href":"https:\/\/meblovera.pl\/index.php\/wp-json\/wp\/v2\/media?parent=3350"}],"wp:term":[{"taxonomy":"product_brand","embeddable":true,"href":"https:\/\/meblovera.pl\/index.php\/wp-json\/wp\/v2\/product_brand?post=3350"},{"taxonomy":"product_cat","embeddable":true,"href":"https:\/\/meblovera.pl\/index.php\/wp-json\/wp\/v2\/product_cat?post=3350"},{"taxonomy":"product_tag","embeddable":true,"href":"https:\/\/meblovera.pl\/index.php\/wp-json\/wp\/v2\/product_tag?post=3350"}],"curies":[{"name":"wp","href":"https:\/\/api.w.org\/{rel}","templated":true}]}}